{"id":2054,"date":"2013-12-02T09:55:46","date_gmt":"2013-12-02T08:55:46","guid":{"rendered":"http:\/\/jgeo.nl\/o\/?page_id=2054"},"modified":"2016-03-16T11:01:22","modified_gmt":"2016-03-16T10:01:22","slug":"start","status":"publish","type":"page","link":"https:\/\/jgeo.nl\/o\/start\/","title":{"rendered":"START met ORI\u00cbNTEREN"},"content":{"rendered":"<h1>Je hebt deze pagina gevonden!<\/h1>\n<p><img loading=\"lazy\" decoding=\"async\" class=\" wp-image-2308 alignright\" src=\"http:\/\/jgeo.nl\/o\/wp-uploads\/jgeo.nl\/2014\/02\/img_530fac5b86faa.png\" alt=\"\" width=\"225\" height=\"362\" srcset=\"\/o\/wp-uploads\/jgeo.nl\/2014\/02\/img_530fac5b86faa.png 281w, \/o\/wp-uploads\/jgeo.nl\/2014\/02\/img_530fac5b86faa-186x300.png 186w\" sizes=\"auto, (max-width: 225px) 100vw, 225px\" \/><\/p>\n<p>Leuk. Je hebt misschien mijn &#8220;Start met Ori\u00ebnteren&#8221; kaartje gekregen en de QR-code er op gebruikt. Of anderszins van Ori\u00ebntatielopen gehoord en een link hier heen gevonden. Lees snel verder om het \u00e9\u00e9n en ander te weten te komen, over wat Ori\u00ebntatielopen (ook wel ori\u00ebnteringslopen, of orienteering genoemd) is, en wat handig is te weten om het eens te proberen. Maar pas op, want eenmaal begonnen raak je er gauw aan verknocht. Lees bijvoorbeeld op <a title=\"Mijn eerste kennismaking met ori\u00ebntatielopen\" href=\"http:\/\/jgeo.nl\/o\/2011\/01\/07\/mijn-eerste-kennismaking-met-orientatielopen\/\">mijn weblog O.JGEO.NL<\/a> hoe het mij verging.<\/p>\n<p>&nbsp;<\/p>\n<h1>Niet moeilijk<\/h1>\n<p>Ori\u00ebntatielopen is een sport die je zowel met je lichaam als me je hoofd beoefent. Dat betekent dat je iets meer dan niets moet weten voor je er aan begint, maar ook dat je met wat gezond verstand al een eind komt.<\/p>\n<p>Het is, in tegenstelling tot wat mensen die er net van gehoord hebben vaak denken, niet moeilijk om er aan te beginnen. Met enige basiskennis van de gebruikte kaarten, symbolen, en hoe een ori\u00ebntatieloop verloopt, kan je met gemak een eenvoudige wedstrijd van start tot finish afleggen. En dat kan in het begin best wandelend, als je dat wilt.<\/p>\n<p>Maar dat wil niet zeggen dat ori\u00ebntatielopen een makkelijke sport is. Door de snelheid te verhogen, moeilijkere en of langere routes te kiezen, en je doelstellingen op te voeren, kan je het zo lastig maken als je zelf wilt. Er zijn meerdere dimensies die je gaandeweg kan verkennen. En dat maakt het zo interessant.<\/p>\n<p>Maar om te beginnen is het best eenvoudig.<\/p>\n<h1>Waar begin je aan?<\/h1>\n<p><em>Je staat, ergens in een bos op een pad, aan de start te wachten tot je mag vertrekken. Twee minuten geleden is je voorganger langs een rood-wit lint uit het zicht verdwenen. Nu is het jouw beurt. Piep-piep-piep-piiiiiiiep! Het startsignaal. Je pakt jouw kaart, van de juiste route -of &#8216;omloop&#8217; in het Vlaams- uit een bak, en begint te rennen, langs het lint. Intussen zoek je de start, een paarse driehoek, op de kaart, kijk je op je kompas, en draai je de kaart met het noorden naar het Noorden. Snel zoek je de paarse cirkel met de &#8216;1&#8217;, en zoekt de beste route er naartoe. <\/em><\/p>\n<p><em>&#8230; [kaart, met voorbeeld, en uitleg hoe daar te komen]<\/em><\/p>\n<p><em>Bij de controlepost leg je jouw EMIT of SI kort op het tegendeel van de post, en je sprint er vandoor naar de volgende post. Welke kant dat op is heb je daar voor al bekeken, en zelfs de beste route heb je al vastgesteld, tijdens een &#8216;rustig&#8217; stuk van het vorige &#8216;been&#8217;, zodat je geen tijd verliest. Er volgt een lang recht stuk dwars door een open bos -wit op de kaart- tot aan een duidelijk pad, zodat je de tijd hebt de route naar posten 3 en 4 ook al uit te stippelen. Bij het pad &#8230;<\/em><\/p>\n<p><em>Voor je het weet ben je 25 posten verder, de een na de andere heb je met meer en minder gemak gevonden, en je bent onderweg een aantal andere lopers tegengekomen die uit het niets verschenen en in schijnbaar willekeurige richtingen hun wegen vervolgden; ze liepen vast een andere route. Bij de laatste post hangt weer een rood-wit lint, tot aan de finish, waar je voor de laatste keer je EMIT (of SI) &#8216;inlegt&#8217;, en uitgeput maar voldaan kan je uithijgen. <\/em><\/p>\n<p><em>Terug bij het &#8216;wedstrijdcentrum&#8217;, het &#8216;CC&#8217;, soms niet meer dan een tentje op een veldje, maar ook wel eens een goed geoutillieerd bosrestaurant of sportkantine, leg je nog \u00e9\u00e9n keer je tijdregistratie-eenheid op een uitlees-unit, en uit een printer rolt een strook met tussentijden, met -nog belangrijker- de letters &#8216;OK&#8217;. Dat betekent dat je geen post gemist hebt, en ze allemaal in de juiste volgorde af bent gelopen. Op internet kan je naderhand de tussentijden, de z.g. &#8216;splits&#8217;, met die van andere lopers vergelijken. Maar eerst drink je een blonde Leffe, terwijl je met je ori\u00ebntatie-vrienden jouw belevenissen in de wildernis, briljante routekeuzes, en alles wat daar tussendoor mis ging, bespreekt. De volgende keer gaat het n\u00f3g beter.<\/em><\/p>\n<h1>Ori\u00ebnteren<\/h1>\n<p>Ori\u00ebnteren betekent niets anders dan weten waar je bent en waar je heen moet. Jij de baas in je omgeving.<\/p>\n<p>Aan de hand van de kaart, van wat je om je heen ziet, en hoe je daar bent gekomen, weet je waar je staat. De kaart toont het volgende doel, en laat verder alles zien wat je onderweg naar dat doel tegen kan komen, zodat je de beste route kan bepalen. En je hebt een kompas zodat je ook de te volgen richting kent. Bovendien kan je passen tellen zodat je ook nog weet hoe ver je bent gegaan.<\/p>\n<p>Nou zijn er allerhande slimme tactieken om bovenstaande tot een succes te maken. Daar kom ik later nog op.<\/p>\n<h1>Eerste stappen<\/h1>\n<p>In het volgende stukje ga ik uitleggen wat je moet weten, wat je nodig hebt en hoe een ori\u00ebntatieloop zo ongeveer verloopt. En natuurlijk hoe, en waar, je je eerste ervaring kan opdoen. In de praktijk is het best laagdrempelig om een keer mee te doen. Bovendien heb je niet veel <a href=\"#uitrusting\">&#8220;uitrusting&#8221;<\/a> nodig, maar daar kom ik straks op terug.<\/p>\n<h2>Handig om te weten<\/h2>\n<p>Kaart: kleuren, symbolen, lijnen.<\/p>\n<p>Controlepostomschrijving: symbolen, nummers, kolommen.<\/p>\n<p>&gt;&gt;&gt; Ik heb even een stukje tekst van de oude NOLB-site gecopieerd, omdat dat een mooi uitgangspunt is. Maar ik zal het in mijn eigen woorden herschrijven binnenkort.<\/p>\n<h2>Wat is Ori\u00ebntatielopen?<\/h2>\n<p>Het ori\u00ebntatielopen zouden we in een adem kunnen omschrijven als volgt: het opzoeken van gemerkte punten in een natuurlijk landschap, via een zelfgekozen weg, al lopend, met behulp van een kaart en een kompas, al dan niet in wedstrijdvorm.<\/p>\n<p><img loading=\"lazy\" decoding=\"async\" class=\" wp-image-2704 alignright\" src=\"http:\/\/jgeo.nl\/o\/wp-uploads\/jgeo.nl\/2014\/04\/img_534301af59aa5.png\" alt=\"\" width=\"294\" height=\"165\" srcset=\"\/o\/wp-uploads\/jgeo.nl\/2014\/04\/img_534301af59aa5.png 420w, \/o\/wp-uploads\/jgeo.nl\/2014\/04\/img_534301af59aa5-300x168.png 300w\" sizes=\"auto, (max-width: 294px) 100vw, 294px\" \/><\/p>\n<p>De deelnemers trachten op een onbekend terrein individueel een aantal posten te bereiken, die aangeduid zijn op de kaart. De route is niet op voorhand uitgestippeld. Deze posten zijn in het terrein herkenbaar door duidelijke, oranje rood witte bakens. Als bewijs dat je de gezochte post hebt bereikt, breng je via een controlekaart en stempels of elektronische chip die iedere loper mee heeft de juiste gegevens mee. Het is de bedoeling om het parkoers, bepaald door de bakens zo snel en correct mogelijk af te leggen. Een dosis sport, een dosis natuur en een dosis observatievermogen, dat is het recept voor de ori\u00ebntatieloper. Op de eerste plaats is ori\u00ebntatielopen een geschikte activiteit in de recreatieve sportbeoefening.<\/p>\n<p><img loading=\"lazy\" decoding=\"async\" class=\" wp-image-2705 alignleft\" src=\"http:\/\/jgeo.nl\/o\/wp-uploads\/jgeo.nl\/2014\/04\/img_534301cfaf466.png\" alt=\"\" width=\"110\" height=\"168\" \/><\/p>\n<p>Deze sportvorm laat zich immers gemakkelijk aanpassen aan de wensen en capaciteiten van uiteenlopende groepen, zoals families, trimgroepen, en wandelaars. Vooral in de Scandinavische landen heeft het ori\u00ebntatielopen een lange traditie als een recreatieve sport voor iedereen. In het sportieve openluchtleven spelen de technieken van het ori\u00ebntatielopen vaak een ondersteunende rol. Bij wandeltrektochten en bij het langlaufen in onbekend gebied bijvoorbeeld kan het ori\u00ebnteren een essentiele vaardigheid zijn. In het ori\u00ebntatielopen kunnen elementen uit verschillende leervakken verzameld worden. Natuurobservatie sluit aan bij biologie en ecologie. De principes van het ori\u00ebntatielopen en kaartlezen worden geleerd in aardrijkskundeles. Fysieke eigenschappen kunnen worden geoefend tijdens de lessen lichamelijke opvoeding. Daarom is het ori\u00ebntatielopen een activiteit met een rijke pedagogische inhoud. Uiteraard is het ori\u00ebntatielopen ook een wedstrijdsport.<\/p>\n<p><img loading=\"lazy\" decoding=\"async\" class=\" wp-image-2706 alignright\" src=\"http:\/\/jgeo.nl\/o\/wp-uploads\/jgeo.nl\/2014\/04\/img_534301ea41e99.png\" alt=\"\" width=\"316\" height=\"156\" srcset=\"\/o\/wp-uploads\/jgeo.nl\/2014\/04\/img_534301ea41e99.png 626w, \/o\/wp-uploads\/jgeo.nl\/2014\/04\/img_534301ea41e99-300x148.png 300w\" sizes=\"auto, (max-width: 316px) 100vw, 316px\" \/><\/p>\n<p>De competitievorm bestaat uit een individuele wedstrijd tegen de tijd. De afstand schommelt tussen 3 en 12 kilometer. Het aantal posten varieert van +\/- 6 tot +\/- 25. Ze worden doorlopen volgens een vrij gekozen route. De laatste jaren kent het ori\u00ebntatielopen als wedstrijdsport een toenemende populariteit. Het hoeft geen betoog dat ori\u00ebntatielopen een milieuvriendelijke sport is, waarbij de deelnemer in harmonie met de natuurlijke omgeving aan sport doet.<\/p>\n<p>Met dank aan Peter Bleyens van <a title=\"http:\/\/www.trol.be\/\" href=\"http:\/\/www.trol.be\/\" target=\"_blank\">Trol<\/a> , <a title=\"http:\/\/www.orientatie.org\/\" href=\"http:\/\/orientatie.org\/\" target=\"_blank\">VVO<\/a> die ons dit stuk beschikbaar heeft gesteld.<\/p>\n<div>\n<p><img loading=\"lazy\" decoding=\"async\" width=\"250\" height=\"211\" class=\"alignnone size-full wp-image-2707\" src=\"http:\/\/jgeo.nl\/o\/wp-uploads\/jgeo.nl\/2014\/04\/img_5343021c8eb0d.png\" alt=\"\" \/><\/p>\n<h2>Afstand bepalen<\/h2>\n<p>Het is belangrijk te weten hoeveel afstand je gelopen hebt en hoeveel je nog moet afleggen. Je kan zelf de afgelegde afstand meten door je passen te tellen. Hoeveel stappen je nodig hebt op 100 m bepaal je door enkele keren een geijkte 100 m af te stappen. (b.v. verlichtingspalen op een randweg, kilometerpaaltjes langs de weg enz.)Tel iedere keer op je linkervoet, bij de meeste mensen ligt dat tussen de 52 \u00e0 56 passen op 100 meter wandelend.<br \/>\nHerhaal dit al lopend, het aantal passen zal nu 32 \u00e0 40 bedragen. Herhaal dit in het gras en je zult merken dat er verschil op zit, dat varieert van persoon tot persoon.<br \/>\nDe pasfrequentie hangt af van de beloopbaarheid van de ondergrond of stijging\/daling.<br \/>\nOpgelet in heuvelachtig terrein, wanneer je op de kaart bv 200 meet kan dit door de stijging of daling meer of minder zijn in werkelijkheid.<\/p>\n<p>&nbsp;<\/p>\n<\/div>\n<hr \/>\n<h3>Voor meer informatie:<\/h3>\n<p>In Nederland zijn een aantal verenigingen aangesloten bij een overkoepelende bond, de Nederlandsche Ori\u00ebnteringsloop Bond (<strong>NOLB<\/strong>). Deze is weer aangesloten bij de International Orienteering Federation (<a href=\"http:\/\/orienteering.org\/\" target=\"_blank\">IOF<\/a> ).<\/p>\n<p>Wanneer je je bij \u00e9\u00e9n van de verenigingen aansluit krijg je dmv een clubblad alle informatie over wedstrijden en uitslagen thuisgestuurd.<\/p>\n<p>&lt;&lt;&lt;<\/p>\n<h2>Uitrusting<\/h2>\n<p><a name=\"uitrusting\"><\/a>Wat je nodig hebt is niet veel meer dan een kompas en (hard)loopkleding. Handig is een lange broek, voor als je besluit dwars door het struikgewas, brandnetels of doorns te lopen. Schoenen met profiel zijn aan te bevelen, maar een eerste keer gaat het ook prima op gewone sportschoenen, of wandelschoenen als je niet van plan bent te gaan rennen. In eerste instantie voldoet elk kompas dat naar het noorden wijst; later kan je voor een speciaal ori\u00ebnteringskompas kiezen, zoals een <em>duimkompas<\/em>. Besluit je aan een <em>nacht-ori\u00ebntatieloop<\/em> deel te nemen, dan is een goede (hoofd)lamp een vereiste.<\/p>\n<h2>Het verloop van een wedstrijd<\/h2>\n<p>&nbsp;<\/p>\n<h2>Een training als kennismaking<\/h2>\n<h1>Contact<\/h1>\n<h1>Het vervolg<\/h1>\n<h2>Tactiek<\/h2>\n","protected":false},"excerpt":{"rendered":"<p>Je hebt deze pagina gevonden! Leuk. Je hebt misschien mijn &#8220;Start met Ori\u00ebnteren&#8221; kaartje gekregen en de QR-code er op gebruikt. Of anderszins van Ori\u00ebntatielopen gehoord en een link hier heen gevonden. Lees snel verder om het \u00e9\u00e9n en ander te weten te komen, over wat Ori\u00ebntatielopen (ook wel ori\u00ebnteringslopen, of orienteering genoemd) is, en &hellip; <a href=\"https:\/\/jgeo.nl\/o\/start\/\" class=\"more-link\">Continue reading <span class=\"screen-reader-text\">START met ORI\u00cbNTEREN<\/span> <span class=\"meta-nav\">&rarr;<\/span><\/a><\/p>\n","protected":false},"author":1,"featured_media":0,"parent":0,"menu_order":0,"comment_status":"open","ping_status":"open","template":"","meta":{"_s2mail":"yes","footnotes":""},"class_list":["post-2054","page","type-page","status-publish","hentry"],"_links":{"self":[{"href":"https:\/\/jgeo.nl\/o\/wp-json\/wp\/v2\/pages\/2054","targetHints":{"allow":["GET"]}}],"collection":[{"href":"https:\/\/jgeo.nl\/o\/wp-json\/wp\/v2\/pages"}],"about":[{"href":"https:\/\/jgeo.nl\/o\/wp-json\/wp\/v2\/types\/page"}],"author":[{"embeddable":true,"href":"https:\/\/jgeo.nl\/o\/wp-json\/wp\/v2\/users\/1"}],"replies":[{"embeddable":true,"href":"https:\/\/jgeo.nl\/o\/wp-json\/wp\/v2\/comments?post=2054"}],"version-history":[{"count":17,"href":"https:\/\/jgeo.nl\/o\/wp-json\/wp\/v2\/pages\/2054\/revisions"}],"predecessor-version":[{"id":3896,"href":"https:\/\/jgeo.nl\/o\/wp-json\/wp\/v2\/pages\/2054\/revisions\/3896"}],"wp:attachment":[{"href":"https:\/\/jgeo.nl\/o\/wp-json\/wp\/v2\/media?parent=2054"}],"curies":[{"name":"wp","href":"https:\/\/api.w.org\/{rel}","templated":true}]}}